{"id":16320,"date":"2017-04-08T06:54:10","date_gmt":"2017-04-08T06:54:10","guid":{"rendered":"http:\/\/www.nauticacorcho.com\/fr\/cursos-de-vela\/"},"modified":"2018-08-08T15:13:54","modified_gmt":"2018-08-08T13:13:54","slug":"cours-de-voile","status":"publish","type":"page","link":"https:\/\/www.nauticacorcho.com\/fr\/cours-de-voile\/","title":{"rendered":"Cours de voile"},"content":{"rendered":"<div class=\"wpb-content-wrapper\"><p>[vc_row css_animation=&#8221;&#8221; row_type=&#8221;row&#8221; use_row_as_full_screen_section=&#8221;no&#8221; type=&#8221;grid&#8221; angled_section=&#8221;no&#8221; text_align=&#8221;center&#8221; background_image_as_pattern=&#8221;without_pattern&#8221; css=&#8221;.vc_custom_1491635691449{margin-top: 60px !important;}&#8221; el_class=&#8221;cursos&#8221;][vc_column width=&#8221;1\/4&#8243;][vc_single_image image=&#8221;15628&#8243; img_size=&#8221;full&#8221; alignment=&#8221;center&#8221; qode_css_animation=&#8221;&#8221;][vc_separator type=&#8221;transparent&#8221; up=&#8221;5&#8243; down=&#8221;5&#8243;][vc_column_text]<\/p>\n<h3>Initiation<\/h3>\n<p>[\/vc_column_text][vc_separator type=&#8221;transparent&#8221; up=&#8221;5&#8243; down=&#8221;5&#8243;][vc_column_text]<\/p>\n<div>Destin\u00e9 \u00e0 tous ceux qui vuelent commencer dans la navigation pour pouvoir se d\u00e9tendre sur un bateau<\/div>\n<p>[\/vc_column_text][vc_separator type=&#8221;transparent&#8221; up=&#8221;5&#8243; down=&#8221;5&#8243;]<a  itemprop=\"url\" href=\"http:\/\/www.nauticacorcho.com\/fr\/contact\/\" target=\"_self\"  class=\"qbutton  default\" style=\"\">En savoir plus<\/a>[vc_separator type=&#8221;transparent&#8221; up=&#8221;20&#8243; down=&#8221;20&#8243;][\/vc_column][vc_column width=&#8221;1\/4&#8243;][vc_single_image image=&#8221;15629&#8243; img_size=&#8221;full&#8221; alignment=&#8221;center&#8221; qode_css_animation=&#8221;&#8221;][vc_separator type=&#8221;transparent&#8221; up=&#8221;5&#8243; down=&#8221;5&#8243;][vc_column_text]<\/p>\n<h3>Perfectionnement<\/h3>\n<p>[\/vc_column_text][vc_separator type=&#8221;transparent&#8221; up=&#8221;5&#8243; down=&#8221;5&#8243;][vc_column_text]Favoriser l\u2019autonomie de nos \u00e9l\u00e8ves afin qu\u2019ils puissent faire leurs propores travers\u00e9es[\/vc_column_text][vc_separator type=&#8221;transparent&#8221; up=&#8221;5&#8243; down=&#8221;5&#8243;]<a  itemprop=\"url\" href=\"http:\/\/www.nauticacorcho.com\/fr\/contact\/\" target=\"_self\"  class=\"qbutton  default\" style=\"\">En savoir plus<\/a>[vc_separator type=&#8221;transparent&#8221; up=&#8221;20&#8243; down=&#8221;20&#8243;][\/vc_column][vc_column width=&#8221;1\/4&#8243;][vc_single_image image=&#8221;15630&#8243; img_size=&#8221;full&#8221; alignment=&#8221;center&#8221; qode_css_animation=&#8221;&#8221;][vc_separator type=&#8221;transparent&#8221; up=&#8221;5&#8243; down=&#8221;5&#8243;][vc_column_text]<\/p>\n<h3>Entra\u00eenement pour r\u00e9gates<\/h3>\n<p>[\/vc_column_text][vc_separator type=&#8221;transparent&#8221; up=&#8221;5&#8243; down=&#8221;5&#8243;][vc_column_text]<\/p>\n<div>Commencer dans le monde des r\u00e9gates ou am\u00e9liorer vos comp\u00e9tences en navigation en apprenant \u00e0 optimiser la performance du voilier<\/div>\n<p>[\/vc_column_text][vc_separator type=&#8221;transparent&#8221; up=&#8221;5&#8243; down=&#8221;5&#8243;]<a  itemprop=\"url\" href=\"http:\/\/www.nauticacorcho.com\/fr\/contact\/\" target=\"_self\"  class=\"qbutton  default\" style=\"\">En savoir plus<\/a>[vc_separator type=&#8221;transparent&#8221; up=&#8221;20&#8243; down=&#8221;20&#8243;][\/vc_column][vc_column width=&#8221;1\/4&#8243;][vc_single_image image=&#8221;15631&#8243; img_size=&#8221;full&#8221; alignment=&#8221;center&#8221; qode_css_animation=&#8221;&#8221;][vc_separator type=&#8221;transparent&#8221; up=&#8221;5&#8243; down=&#8221;5&#8243;][vc_column_text]<\/p>\n<h3>Spi\/Gennaker<\/h3>\n<p>[\/vc_column_text][vc_separator type=&#8221;transparent&#8221; up=&#8221;5&#8243; down=&#8221;5&#8243;][vc_column_text]<\/p>\n<div>Dans ce cours, vous apprendrez tout ce dont vous avez besoin sur la pratique des voiles sym\u00e9triques et aym\u00e9triques<\/div>\n<p>[\/vc_column_text][vc_separator type=&#8221;transparent&#8221; up=&#8221;5&#8243; down=&#8221;5&#8243;]<a  itemprop=\"url\" href=\"http:\/\/www.nauticacorcho.com\/fr\/contact\/\" target=\"_self\"  class=\"qbutton  default\" style=\"\">En savoir plus<\/a>[vc_separator type=&#8221;transparent&#8221; up=&#8221;20&#8243; down=&#8221;20&#8243;][\/vc_column][\/vc_row][vc_row css_animation=&#8221;&#8221; row_type=&#8221;row&#8221; use_row_as_full_screen_section=&#8221;no&#8221; type=&#8221;grid&#8221; angled_section=&#8221;no&#8221; text_align=&#8221;center&#8221; background_image_as_pattern=&#8221;without_pattern&#8221; css=&#8221;.vc_custom_1491635696058{margin-top: 60px !important;}&#8221; el_class=&#8221;cursos&#8221;][vc_column width=&#8221;1\/4&#8243;][vc_single_image image=&#8221;15632&#8243; img_size=&#8221;full&#8221; alignment=&#8221;center&#8221; qode_css_animation=&#8221;&#8221;][vc_separator type=&#8221;transparent&#8221; up=&#8221;5&#8243; down=&#8221;5&#8243;][vc_column_text]<\/p>\n<h3>Maintenance<\/h3>\n<p>[\/vc_column_text][vc_separator type=&#8221;transparent&#8221; up=&#8221;5&#8243; down=&#8221;5&#8243;][vc_column_text]<\/p>\n<div>Une formation afin de r\u00e9soudre toute m\u00e9saventure pouvant survenir pendant que vous naviguez<\/div>\n<p>[\/vc_column_text][vc_separator type=&#8221;transparent&#8221; up=&#8221;5&#8243; down=&#8221;5&#8243;]<a  itemprop=\"url\" href=\"http:\/\/www.nauticacorcho.com\/fr\/contact\/\" target=\"_self\"  class=\"qbutton  default\" style=\"\">En savoir plus<\/a>[vc_separator type=&#8221;transparent&#8221; up=&#8221;20&#8243; down=&#8221;20&#8243;][\/vc_column][vc_column width=&#8221;1\/4&#8243;][vc_single_image image=&#8221;15633&#8243; img_size=&#8221;full&#8221; alignment=&#8221;center&#8221; qode_css_animation=&#8221;&#8221;][vc_separator type=&#8221;transparent&#8221; up=&#8221;5&#8243; down=&#8221;5&#8243;][vc_column_text]<\/p>\n<h3>Accostage<\/h3>\n<p>[\/vc_column_text][vc_separator type=&#8221;transparent&#8221; up=&#8221;5&#8243; down=&#8221;5&#8243;][vc_column_text]<\/p>\n<div>Cours exclusivememt orient\u00e9 pour accoster en toute s\u00e9curit\u00e9 et avoir de le dext\u00e9rit\u00e9 dans les manoeuvres<\/div>\n<p>[\/vc_column_text][vc_separator type=&#8221;transparent&#8221; up=&#8221;5&#8243; down=&#8221;5&#8243;]<a  itemprop=\"url\" href=\"http:\/\/www.nauticacorcho.com\/fr\/contact\/\" target=\"_self\"  class=\"qbutton  default\" style=\"\">En savoir plus<\/a>[vc_separator type=&#8221;transparent&#8221; up=&#8221;20&#8243; down=&#8221;20&#8243;][\/vc_column][vc_column width=&#8221;1\/4&#8243;][vc_single_image image=&#8221;15634&#8243; img_size=&#8221;full&#8221; alignment=&#8221;center&#8221; qode_css_animation=&#8221;&#8221;][vc_separator type=&#8221;transparent&#8221; up=&#8221;5&#8243; down=&#8221;5&#8243;][vc_column_text]<\/p>\n<h3>PER<\/h3>\n<p>[\/vc_column_text][vc_separator type=&#8221;transparent&#8221; up=&#8221;5&#8243; down=&#8221;5&#8243;][vc_column_text]<\/p>\n<div>Obtenir le dipl\u00f4me PER (Patr\u00f3n de Embarcaciones de recreo) et effectuer les exercices compl\u00e9mentaires<\/div>\n<p>[\/vc_column_text][vc_separator type=&#8221;transparent&#8221; up=&#8221;5&#8243; down=&#8221;5&#8243;]<a  itemprop=\"url\" href=\"http:\/\/www.nauticacorcho.com\/fr\/contact\/\" target=\"_self\"  class=\"qbutton  default\" style=\"\">En savoir plus<\/a>[vc_separator type=&#8221;transparent&#8221; up=&#8221;20&#8243; down=&#8221;20&#8243;][\/vc_column][vc_column width=&#8221;1\/4&#8243;][vc_separator type=&#8221;transparent&#8221; up=&#8221;20&#8243; down=&#8221;20&#8243;][\/vc_column][\/vc_row][vc_row css_animation=&#8221;&#8221; row_type=&#8221;row&#8221; use_row_as_full_screen_section=&#8221;no&#8221; type=&#8221;full_width&#8221; angled_section=&#8221;no&#8221; text_align=&#8221;left&#8221; background_image_as_pattern=&#8221;without_pattern&#8221;][vc_column][vc_separator type=&#8221;transparent&#8221; up=&#8221;20&#8243; down=&#8221;20&#8243;][\/vc_column][\/vc_row]<\/p>\n<\/div>","protected":false},"excerpt":{"rendered":"<p>[vc_row css_animation=&#8221;&#8221; row_type=&#8221;row&#8221; use_row_as_full_screen_section=&#8221;no&#8221; type=&#8221;grid&#8221; angled_section=&#8221;no&#8221; text_align=&#8221;center&#8221; background_image_as_pattern=&#8221;without_pattern&#8221; css=&#8221;.vc_custom_1491635691449{margin-top: 60px !important;}&#8221; el_class=&#8221;cursos&#8221;][vc_column width=&#8221;1\/4&#8243;][vc_single_image image=&#8221;15628&#8243; img_size=&#8221;full&#8221; alignment=&#8221;center&#8221; qode_css_animation=&#8221;&#8221;][vc_separator type=&#8221;transparent&#8221; up=&#8221;5&#8243; down=&#8221;5&#8243;][vc_column_text] Initiation [\/vc_column_text][vc_separator type=&#8221;transparent&#8221; up=&#8221;5&#8243; down=&#8221;5&#8243;][vc_column_text] Destin\u00e9 \u00e0 tous ceux qui vuelent commencer dans la navigation pour pouvoir se d\u00e9tendre sur un bateau [\/vc_column_text][vc_separator type=&#8221;transparent&#8221; up=&#8221;5&#8243;&#8230;<\/p>\n","protected":false},"author":1,"featured_media":0,"parent":0,"menu_order":0,"comment_status":"closed","ping_status":"closed","template":"full_width.php","meta":{"footnotes":""},"class_list":["post-16320","page","type-page","status-publish","hentry"],"aioseo_notices":[],"_links":{"self":[{"href":"https:\/\/www.nauticacorcho.com\/fr\/wp-json\/wp\/v2\/pages\/16320","targetHints":{"allow":["GET"]}}],"collection":[{"href":"https:\/\/www.nauticacorcho.com\/fr\/wp-json\/wp\/v2\/pages"}],"about":[{"href":"https:\/\/www.nauticacorcho.com\/fr\/wp-json\/wp\/v2\/types\/page"}],"author":[{"embeddable":true,"href":"https:\/\/www.nauticacorcho.com\/fr\/wp-json\/wp\/v2\/users\/1"}],"replies":[{"embeddable":true,"href":"https:\/\/www.nauticacorcho.com\/fr\/wp-json\/wp\/v2\/comments?post=16320"}],"version-history":[{"count":2,"href":"https:\/\/www.nauticacorcho.com\/fr\/wp-json\/wp\/v2\/pages\/16320\/revisions"}],"predecessor-version":[{"id":16327,"href":"https:\/\/www.nauticacorcho.com\/fr\/wp-json\/wp\/v2\/pages\/16320\/revisions\/16327"}],"wp:attachment":[{"href":"https:\/\/www.nauticacorcho.com\/fr\/wp-json\/wp\/v2\/media?parent=16320"}],"curies":[{"name":"wp","href":"https:\/\/api.w.org\/{rel}","templated":true}]}}