{"id":16317,"date":"2017-04-11T11:06:40","date_gmt":"2017-04-11T09:06:40","guid":{"rendered":"http:\/\/www.nauticacorcho.com\/fr\/preguntas-frecuentes\/"},"modified":"2018-08-08T15:02:10","modified_gmt":"2018-08-08T13:02:10","slug":"questions-frequentes","status":"publish","type":"page","link":"https:\/\/www.nauticacorcho.com\/fr\/questions-frequentes\/","title":{"rendered":"Questions fr\u00e9quentes"},"content":{"rendered":"<div class=\"wpb-content-wrapper\"><p>[vc_row css_animation=&#8221;&#8221; row_type=&#8221;row&#8221; use_row_as_full_screen_section=&#8221;no&#8221; type=&#8221;grid&#8221; angled_section=&#8221;no&#8221; text_align=&#8221;center&#8221; background_image_as_pattern=&#8221;without_pattern&#8221; css=&#8221;.vc_custom_1491241341552{margin-top: 60px !important;}&#8221;][vc_column][vc_column_text]<\/p>\n<h3>Notre flotte dispose de diff\u00e9rents mod\u00e8les de voiliers pour profiter d\u2019une semaine inoubliable en famille ou entre amis<\/h3>\n<p>[\/vc_column_text][vc_raw_html el_class=&#8221;wrapper-line-heading&#8221;]JTNDc3BhbiUyMGNsYXNzJTNEJTIybGluZS1oZWFkaW5nJTIyJTNFJTNDc3BhbiUzRSUzQyUyRnNwYW4lM0UlM0MlMkZzcGFuJTNF[\/vc_raw_html][\/vc_column][\/vc_row][vc_row css_animation=&#8221;&#8221; row_type=&#8221;row&#8221; use_row_as_full_screen_section=&#8221;no&#8221; type=&#8221;grid&#8221; angled_section=&#8221;no&#8221; text_align=&#8221;left&#8221; background_image_as_pattern=&#8221;without_pattern&#8221; css=&#8221;.vc_custom_1491901819879{margin-top: 60px !important;}&#8221;][vc_column][vc_column_text el_class=&#8221;barra_naranja&#8221; css=&#8221;.vc_custom_1533733206029{margin-bottom: 30px !important;}&#8221;]<\/p>\n<h4 class=\"widget-title\">\u00bfLe bateau est-il s\u00fbr?<\/h4>\n<p>[\/vc_column_text][vc_separator type=&#8221;transparent&#8221; up=&#8221;5&#8243; down=&#8221;5&#8243;][vc_column_text]Nos bateaux sont \u00e9quip\u00e9s de toutes les mesures de s\u00e9curit\u00e9 \u00e9tablies par la Capitainerie assurant la s\u00e9curit\u00e9 de nos bateaux.[\/vc_column_text][vc_separator type=&#8221;transparent&#8221; up=&#8221;5&#8243; down=&#8221;5&#8243;][\/vc_column][\/vc_row][vc_row css_animation=&#8221;&#8221; row_type=&#8221;row&#8221; use_row_as_full_screen_section=&#8221;no&#8221; type=&#8221;grid&#8221; angled_section=&#8221;no&#8221; text_align=&#8221;left&#8221; background_image_as_pattern=&#8221;without_pattern&#8221; css=&#8221;.vc_custom_1491901819879{margin-top: 60px !important;}&#8221;][vc_column][vc_column_text el_class=&#8221;barra_naranja&#8221; css=&#8221;.vc_custom_1533733219548{margin-bottom: 30px !important;}&#8221;]<\/p>\n<h4 class=\"widget-title\">\u00bfSi je ne poss\u00e8de pas de licence ou d\u2019exp\u00e9rience, puis-je louer un bateau?<\/h4>\n<p>[\/vc_column_text][vc_separator type=&#8221;transparent&#8221; up=&#8221;5&#8243; down=&#8221;5&#8243;][vc_column_text]Si vous n\u2019avez pas d\u2019exp\u00e9rience, vous pouvez naviguer avec un skipper qualifi\u00e9 et avec une vaste exp\u00e9rience dans la travers\u00e9e vers les \u00eeles Bal\u00e9ares et la navigation le long de notre c\u00f4te.[\/vc_column_text][vc_separator type=&#8221;transparent&#8221; up=&#8221;5&#8243; down=&#8221;5&#8243;][\/vc_column][\/vc_row][vc_row css_animation=&#8221;&#8221; row_type=&#8221;row&#8221; use_row_as_full_screen_section=&#8221;no&#8221; type=&#8221;grid&#8221; angled_section=&#8221;no&#8221; text_align=&#8221;left&#8221; background_image_as_pattern=&#8221;without_pattern&#8221; css=&#8221;.vc_custom_1491901819879{margin-top: 60px !important;}&#8221;][vc_column][vc_column_text el_class=&#8221;barra_naranja&#8221; css=&#8221;.vc_custom_1533733241070{margin-bottom: 30px !important;}&#8221;]<\/p>\n<h4 class=\"widget-title\">\u00bfQue dois-je prendre pour mes vacances en voilier?<\/h4>\n<p>[\/vc_column_text][vc_separator type=&#8221;transparent&#8221; up=&#8221;5&#8243; down=&#8221;5&#8243;][vc_column_text]Les recommandations et conseils sur les bagages \u00e0 prendre lors de vos vacances \u00e0 bord d\u2019un voilier sont de prendre si vous le pouvez un sac de sport qui pourra \u00eatre pli\u00e9 et rang\u00e9 plus facilement. En mer, au coucher du soleil, vous pouvez ressentir le frais, nous vous conseillons d\u2019apporter une veste imperm\u00e9able l\u00e9g\u00e8re. Les chaussures id\u00e9ales sur un voilier sont des chaussures nautiques, des chaussures de course l\u00e9g\u00e8res ou des chaussures anti \u2013d\u00e9rapantes. Nous vous conseillons d\u2019apporter une cr\u00e8me solaire haute protection ainsi que des m\u00e9dicaments pour le mal des transports ; sans oublier des lunettes de soleil, des lunettes de plong\u00e9e et un chargeur allume-cigare pour voiture.[\/vc_column_text][vc_separator type=&#8221;transparent&#8221; up=&#8221;5&#8243; down=&#8221;5&#8243;][\/vc_column][\/vc_row][vc_row css_animation=&#8221;&#8221; row_type=&#8221;row&#8221; use_row_as_full_screen_section=&#8221;no&#8221; type=&#8221;grid&#8221; angled_section=&#8221;no&#8221; text_align=&#8221;left&#8221; background_image_as_pattern=&#8221;without_pattern&#8221; css=&#8221;.vc_custom_1491901819879{margin-top: 60px !important;}&#8221;][vc_column][vc_column_text el_class=&#8221;barra_naranja&#8221; css=&#8221;.vc_custom_1533733304004{margin-bottom: 30px !important;}&#8221;]<\/p>\n<h4 class=\"widget-title\">\u00bfO\u00f9 dormons nous?<\/h4>\n<p>[\/vc_column_text][vc_separator type=&#8221;transparent&#8221; up=&#8221;5&#8243; down=&#8221;5&#8243;][vc_column_text]Le voilier a des cabines confortables pour vous reposer \u00e0 bord. Vous pouvez jeter l\u2019ancre dans une crique ou un port selon votre pr\u00e9f\u00e9rence, de l\u2019heure et des instructions de votre skipper. Nos voiliers sont \u00e9quip\u00e9s de la literie et de l\u2019\u00e9quipement de cuisine n\u00e9cessaire pour votre s\u00e9jour \u00e0 bord.[\/vc_column_text][vc_separator type=&#8221;transparent&#8221; up=&#8221;5&#8243; down=&#8221;5&#8243;][\/vc_column][\/vc_row][vc_row css_animation=&#8221;&#8221; row_type=&#8221;row&#8221; use_row_as_full_screen_section=&#8221;no&#8221; type=&#8221;full_width&#8221; angled_section=&#8221;no&#8221; text_align=&#8221;left&#8221; background_image_as_pattern=&#8221;without_pattern&#8221;][vc_column][vc_separator type=&#8221;transparent&#8221; up=&#8221;20&#8243; down=&#8221;20&#8243;][\/vc_column][\/vc_row]<\/p>\n<\/div>","protected":false},"excerpt":{"rendered":"<p>[vc_row css_animation=&#8221;&#8221; row_type=&#8221;row&#8221; use_row_as_full_screen_section=&#8221;no&#8221; type=&#8221;grid&#8221; angled_section=&#8221;no&#8221; text_align=&#8221;center&#8221; background_image_as_pattern=&#8221;without_pattern&#8221; css=&#8221;.vc_custom_1491241341552{margin-top: 60px !important;}&#8221;][vc_column][vc_column_text] Notre flotte dispose de diff\u00e9rents mod\u00e8les de voiliers pour profiter d\u2019une semaine inoubliable en famille ou entre amis [\/vc_column_text][vc_raw_html el_class=&#8221;wrapper-line-heading&#8221;]JTNDc3BhbiUyMGNsYXNzJTNEJTIybGluZS1oZWFkaW5nJTIyJTNFJTNDc3BhbiUzRSUzQyUyRnNwYW4lM0UlM0MlMkZzcGFuJTNF[\/vc_raw_html][\/vc_column][\/vc_row][vc_row css_animation=&#8221;&#8221; row_type=&#8221;row&#8221; use_row_as_full_screen_section=&#8221;no&#8221; type=&#8221;grid&#8221; angled_section=&#8221;no&#8221; text_align=&#8221;left&#8221; background_image_as_pattern=&#8221;without_pattern&#8221; css=&#8221;.vc_custom_1491901819879{margin-top: 60px !important;}&#8221;][vc_column][vc_column_text el_class=&#8221;barra_naranja&#8221; css=&#8221;.vc_custom_1533733206029{margin-bottom: 30px !important;}&#8221;]&#8230;<\/p>\n","protected":false},"author":1,"featured_media":0,"parent":0,"menu_order":0,"comment_status":"closed","ping_status":"closed","template":"full_width.php","meta":{"footnotes":""},"class_list":["post-16317","page","type-page","status-publish","hentry"],"aioseo_notices":[],"_links":{"self":[{"href":"https:\/\/www.nauticacorcho.com\/fr\/wp-json\/wp\/v2\/pages\/16317","targetHints":{"allow":["GET"]}}],"collection":[{"href":"https:\/\/www.nauticacorcho.com\/fr\/wp-json\/wp\/v2\/pages"}],"about":[{"href":"https:\/\/www.nauticacorcho.com\/fr\/wp-json\/wp\/v2\/types\/page"}],"author":[{"embeddable":true,"href":"https:\/\/www.nauticacorcho.com\/fr\/wp-json\/wp\/v2\/users\/1"}],"replies":[{"embeddable":true,"href":"https:\/\/www.nauticacorcho.com\/fr\/wp-json\/wp\/v2\/comments?post=16317"}],"version-history":[{"count":2,"href":"https:\/\/www.nauticacorcho.com\/fr\/wp-json\/wp\/v2\/pages\/16317\/revisions"}],"predecessor-version":[{"id":16319,"href":"https:\/\/www.nauticacorcho.com\/fr\/wp-json\/wp\/v2\/pages\/16317\/revisions\/16319"}],"wp:attachment":[{"href":"https:\/\/www.nauticacorcho.com\/fr\/wp-json\/wp\/v2\/media?parent=16317"}],"curies":[{"name":"wp","href":"https:\/\/api.w.org\/{rel}","templated":true}]}}