{"id":16312,"date":"2017-04-11T11:23:20","date_gmt":"2017-04-11T09:23:20","guid":{"rendered":"http:\/\/www.nauticacorcho.com\/fr\/aviso-legal\/"},"modified":"2018-08-08T14:51:06","modified_gmt":"2018-08-08T12:51:06","slug":"avis-legal","status":"publish","type":"page","link":"https:\/\/www.nauticacorcho.com\/fr\/avis-legal\/","title":{"rendered":"Avis l\u00e9gal"},"content":{"rendered":"<div class=\"wpb-content-wrapper\"><p>[vc_row css_animation=&#8221;&#8221; row_type=&#8221;row&#8221; use_row_as_full_screen_section=&#8221;no&#8221; type=&#8221;full_width&#8221; angled_section=&#8221;no&#8221; text_align=&#8221;left&#8221; background_image_as_pattern=&#8221;without_pattern&#8221;][vc_column][vc_separator type=&#8221;transparent&#8221; up=&#8221;10&#8243; down=&#8221;10&#8243;][\/vc_column][\/vc_row][vc_row css_animation=&#8221;&#8221; row_type=&#8221;row&#8221; use_row_as_full_screen_section=&#8221;no&#8221; type=&#8221;grid&#8221; angled_section=&#8221;no&#8221; text_align=&#8221;left&#8221; background_image_as_pattern=&#8221;without_pattern&#8221;][vc_column][vc_column_text]<\/p>\n<h3 style=\"text-align: justify;\">1.- Identification des donn\u00e9es.<\/h3>\n<p style=\"text-align: justify;\">Conform\u00e9ment \u00e0 la loi 34\/2002 du 11 juillet, des services de la soci\u00e9t\u00e9 de l\u2019information et du commerce \u00e9lectronique, les donn\u00e9es d\u2019identification du propri\u00e9taire du portail Web www.nauticacorcho.com sont:<\/p>\n<p style=\"text-align: justify;\">N\u00e1utica Corcho S.L.<br \/>\nMarina de Denia, edif. F2 L2<br \/>\n03700 Denia<br \/>\nCIF: B-12658597<\/p>\n<p style=\"text-align: justify;\">Pour toute question ou demande, vous pouvez nous contacter au num\u00e9ro suivant: 965786891<br \/>\ne-mail: info@nauticacorcho.com<\/p>\n<h3 style=\"text-align: justify;\">2.- Conditions g\u00e9n\u00e9rales d\u2019utlisation.<\/h3>\n<p style=\"text-align: justify;\">Les pr\u00e9sentes Conditions G\u00e9n\u00e9rales r\u00e9gissent l\u2019utilisation et l\u2019acc\u00e8s au portail Web www.nauticacorcho.com dont le but est d\u2019\u00eatre la porte d\u2019entr\u00e9e de Nautica Corcho S.L., \u00e0 la fois de fa\u00e7on interne et externe, offrant aux utilisateurs des informations, services et contenus via le Web.<\/p>\n<p style=\"text-align: justify;\">L\u2019acc\u00e8s et la navigation sur www.nauticacorcho.com ou l\u2019utilisation des services mis \u00e0 votre disposition impliquent l\u2019acceptation expresse et compl\u00e8te de chacune des pr\u00e9sentes Conditions G\u00e9n\u00e9rales y compris les conditions particuli\u00e8res. Les conditions fix\u00e9es pour certains services, tels que les politiques de confidentialit\u00e9 et de cookies, li\u00e9s aux finalit\u00e9s du traitement des donn\u00e9es que vous nous fournissez. S\u2019il vous pla\u00eet, nous vous recommandons de les lire attentivement.<\/p>\n<p style=\"text-align: justify;\">Nautica Corcho S.L. se r\u00e9serve le droit d\u2019introduire des modifications ou d\u2019omettre partiellement ou totalement le contenu et\/ou les services actuels lorsqu\u2019il le juge appropri\u00e9, ainsi que d\u2019emp\u00eacher ou de restreindre l\u2019acc\u00e8s de fa\u00e7on temporaire ou permanente. Aussi Nautica Corcho S.L. pourra modifier ou remplacer ces termes et conditions \u00e0 tout moment et san pr\u00e9avis.<\/p>\n<p style=\"text-align: justify;\">Lorsque vous visitez le site ou communiquez avec nous par le biais du site ou par toute autre forme de communication \u00e9lectronique, telle que le courrier \u00e9lectronique ou les demandes d&#8217;informations, vous acceptez express\u00e9ment l&#8217;utilisation et l&#8217;int\u00e9gration de vos donn\u00e9es dans nos fichiers de gestion, de surveillance et de promotion. objectifs inclus dans le document &#8220;Politique de confidentialit\u00e9&#8221;, ainsi que les conditions et obligations \u00e9tablies dans les pr\u00e9sentes Conditions g\u00e9n\u00e9rales.<\/p>\n<p style=\"text-align: justify;\">Conditions d&#8217;utilisation de www.nauticacorcho.es.com.<br \/>\nNautica Corcho ne d\u00e9clare ni ne garantit que le service est disponible \/ accessible aux utilisateurs de mani\u00e8re ininterrompue, \u00e9tant donn\u00e9 l\u2019impossibilit\u00e9 de garantir un acc\u00e8s universel \u00e0 Internet, la possibilit\u00e9 de probl\u00e8mes sur Internet, les pannes de mat\u00e9riel serveur et d\u2019autres \u00e9ventualit\u00e9s impr\u00e9visibles , hors du contr\u00f4le de Nautica Corcho S.L.<\/p>\n<p style=\"text-align: justify;\">Nautica Corcho S.L. s&#8217;engage \u00e0 faire les meilleurs efforts pour assurer le stockage correct des informations, afin qu&#8217;elles soient accessibles aux internautes sans interruption, n&#8217;\u00e9tant en aucun cas responsable des interruptions de disponibilit\u00e9 caus\u00e9es par des cas de force majeure ou en dehors du contr\u00f4le de Nautica Corcho S.L.<\/p>\n<p style=\"text-align: justify;\">Nautica Corcho S.L. peut interrompre temporairement le stockage d&#8217;informations sur ses serveurs ou les informations de ceux-ci par des internautes, pour des raisons de s\u00e9curit\u00e9 ou en restructurant leurs ressources informatiques en vue d&#8217;am\u00e9liorer leurs services de stockage et de rendre disponibles les informations de l&#8217;utilisateur via Internet.<\/p>\n<p style=\"text-align: justify;\">En tout cas, Nautica Corcho S.L. fera le maximum d&#8217;efforts pour que ces interruptions affectent au minimum les utilisateurs, ne r\u00e9pondant pas aux dommages caus\u00e9s par de telles interruptions.<\/p>\n<p style=\"text-align: justify;\">Nautica Corcho S.L. peut suspendre l&#8217;acc\u00e8s au service lorsqu&#8217;il consid\u00e8re que l&#8217;une des actions de l&#8217;utilisateur et \/ ou l&#8217;acc\u00e8s \u00e0 www.nauticacorcho.com est contraire \u00e0 la l\u00e9gislation en vigueur, \u00e9tant express\u00e9ment interdit la transmission, la r\u00e9ception, la distribution ou le stockage de mat\u00e9riel ou la contrefa\u00e7on d&#8217;informations la loi ou la r\u00e9glementation applicable, ou violer les obligations contenues dans les pr\u00e9sentes conditions g\u00e9n\u00e9rales. Nautica Corcho S.L. se r\u00e9serve le droit de notifier \u00e0 l&#8217;Utilisateur ladite suspension et ses motifs, ainsi que le droit de communiquer aux organismes comp\u00e9tents toute activit\u00e9 ill\u00e9gale ou contraire aux lois en vigueur.<\/p>\n<p style=\"text-align: justify;\">Nautica Corcho S.L. prendre toutes les mesures possibles pour emp\u00eacher tout type de comportement contraire aux lois espagnoles et coop\u00e9rer avec les autorit\u00e9s comp\u00e9tentes pour identifier les sujets responsables des actions pouvant entra\u00eener des violations des lois applicables sur ce site.<\/p>\n<h3 style=\"text-align: justify;\">3.- Propri\u00e9t\u00e9 intellectuelle et industrielle.<\/h3>\n<p style=\"text-align: justify;\">Le site www.nauticacorcho.com, les pages qu&#8217;il contient et les informations ou \u00e9l\u00e9ments qu&#8217;il contient (textes, documents, photographies, dessins, repr\u00e9sentations graphiques, bases de donn\u00e9es, programmes informatiques, entre autres), ainsi que les logos, les marques, noms commerciaux ou autres signes distinctifs sont prot\u00e9g\u00e9s par des droits de propri\u00e9t\u00e9 intellectuelle ou industrielle, dont Nautica Corcho S.L. est le propri\u00e9taire ou d\u00e9tient l&#8217;autorisation d&#8217;utilisation par ses propri\u00e9taires l\u00e9gitimes.<\/p>\n<p style=\"text-align: justify;\">Nautica Corcho S.L. n&#8217;accorde aucune garantie sur la l\u00e9galit\u00e9 des informations ou \u00e9l\u00e9ments contenus dans les pages de www.nauticacorcho.com lorsque leur propri\u00e9t\u00e9 ne correspond pas \u00e0 Nautica Corcho S.L.<\/p>\n<p style=\"text-align: justify;\">Bien que nous fassions tout notre possible pour \u00e9viter toute erreur dans le contenu susceptible d&#8217;appara\u00eetre sur le site, les informations qu&#8217;il contient pourraient contenir des inexactitudes, des fautes d&#8217;impression ou tout type d&#8217;erreur<\/p>\n<p style=\"text-align: justify;\">L&#8217;Utilisateur s&#8217;engage \u00e0 utiliser le contenu de mani\u00e8re diligente et correcte, conform\u00e9ment \u00e0 la loi, aux bonnes m\u0153urs et \u00e0 l&#8217;ordre public. Nautica Corcho S.L. autorise l&#8217;Utilisateur \u00e0 consulter les informations contenues sur ce site, ainsi qu&#8217;\u00e0 r\u00e9aliser des reproductions priv\u00e9es (activit\u00e9 de t\u00e9l\u00e9chargement et de stockage simple dans ses syst\u00e8mes informatiques), \u00e0 condition que ces \u00e9l\u00e9ments soient uniquement destin\u00e9s \u00e0 un usage personnel, sauf mention expresse \u00e9tablir toute limitation qui sera express\u00e9ment inform\u00e9e \u00e0 l&#8217;utilisateur. Cela ne signifie en aucun cas une autorisation ou une licence sur les droits de propri\u00e9t\u00e9 de Nautica Corcho S.L.<\/p>\n<p style=\"text-align: justify;\">L&#8217;Utilisateur n&#8217;est pas autoris\u00e9 \u00e0 proc\u00e9der \u00e0 la distribution, \u00e0 la modification, \u00e0 la cession ou \u00e0 la communication publique des informations contenues dans www.nauticacorcho.com sous quelque forme et \u00e0 quelque fin que ce soit. Tout type d&#8217;exploitation, y compris tout type de reproduction, distribution, cession \u00e0 des tiers, communication publique et transformation, par tout type de support et support, des \u0153uvres, cr\u00e9ations et signes distinctifs pr\u00e9cit\u00e9s sans autorisation pr\u00e9alable et expresse de leurs auteurs respectifs est interdite.<\/p>\n<h3 style=\"text-align: justify;\">4.- Liens.<\/h3>\n<p style=\"text-align: justify;\">Les connexions et les liens vers des sites Web ou des pages Web de tiers ont \u00e9t\u00e9 \u00e9tablis uniquement \u00e0 titre d&#8217;utilitaire pour l&#8217;utilisateur. Nautica Corcho S.L. n&#8217;est en aucun cas responsable d&#8217;eux ni de leur contenu.<\/p>\n<p style=\"text-align: justify;\">Il est interdit, sauf dans les cas express\u00e9ment autoris\u00e9s par Nautica Corcho S.L. d\u2019\u00e9tablir des liens, des liens hypertextes ou des liens, depuis des portails ou des sites Web de tiers vers des pages de www.nauticacorcho.com autres que la page principale de votre portail, accessible \u00e0 l&#8217;adresse URL http:\/\/www.nauticacorcho.com\/ ou celle qui la remplacera \u00e0 l&#8217;avenir, ainsi que pr\u00e9senter les pages de www.nauticacorcho.com ou les informations qu&#8217;ils contiennent sous des cadres ou, des signes distinctifs, des marques commerciales ou des d\u00e9nominations sociales ou commerciales d&#8217;une autre personne, soci\u00e9t\u00e9 ou entit\u00e9.<\/p>\n<p style=\"text-align: justify;\">Faire des liens avec le site www.nauticacorcho.com n\u00e9cessitera l&#8217;autorisation expresse \u00e9crite des propri\u00e9taires du portail.<\/p>\n<h3 style=\"text-align: justify;\">5.- Responsabilit\u00e9.<\/h3>\n<h4 style=\"text-align: justify;\">5.1.- Responsabilit\u00e9 de l\u2019utilisateur.<\/h4>\n<p style=\"text-align: justify;\">L&#8217;utilisateur sera responsable de toutes les donn\u00e9es et d\u00e9clarations incluses dans les formulaires d&#8217;inscription et de toutes les donn\u00e9es envoy\u00e9es directement ou jointes \u00e0 sa requ\u00eate, ainsi que du contenu de toute autre communication envoy\u00e9e \u00e0 Nautica Corcho S.L. par tout autre moyen.<\/p>\n<p style=\"text-align: justify;\">Le simple envoi du formulaire de contact n&#8217;implique pas l&#8217;acceptation automatique de Nautica Corcho S.L. de votre demande, mais on comprendra que Nautica Corcho S.L. il l&#8217;accepte quand il envoie un email \u00e0 l&#8217;utilisateur en r\u00e9ponse \u00e0 sa demande.<\/p>\n<h4 style=\"text-align: justify;\">5.2.- Responsabilit\u00e9 de Nautica Corcho S.L.<\/h4>\n<p style=\"text-align: justify;\">Nautica Corcho S.L. ne sera en aucun cas responsable des dommages indirects ou m\u00e9diatis\u00e9s, y compris, sans limitation ni restriction, des dommages pour perte de profit, atteinte \u00e0 la r\u00e9putation, perte de donn\u00e9es ou utilisation r\u00e9sultant des services fournis par Nautica Corcho S.L., ou pour l&#8217;utilisation, mauvaise utilisation ou non-utilisation par l&#8217;utilisateur des services et des requ\u00eates envoy\u00e9es \u00e0 Nautica Corcho S.L.<\/p>\n<p style=\"text-align: justify;\">Nautica Corcho S.L. n&#8217;assume aucune autre obligation et ne fournit aucune autre garantie, expresse ou implicite, en plus de celles express\u00e9ment pr\u00e9vues dans les pr\u00e9sentes Conditions, dans tous les cas excluant toute responsabilit\u00e9 contractuelle ou extracontractuelle de Nautica Corcho S.L. pour les dommages directs et indirects de toute nature et de quelque mani\u00e8re que ce soit, subis par l&#8217;Utilisateur ou des tiers, y compris les dommages r\u00e9sultant de l&#8217;utilisation ou de la non utilisation des Services, sauf en cas de &#8220;faute intentionnelle ou de n\u00e9gligence grave&#8221;.<\/p>\n<p style=\"text-align: justify;\">Toute diminution de l&#8217;utilisation ou de la disponibilit\u00e9 du site Web www.nauticacorcho.com ne peut servir de pr\u00e9texte \u00e0 l&#8217;utilisateur pour qu&#8217;il cesse de remplir les obligations contract\u00e9es conform\u00e9ment aux pr\u00e9sentes conditions. Nautica Corcho S.L. ne garantit pas l&#8217;acc\u00e8s continu, ni la visualisation, le t\u00e9l\u00e9chargement ou l&#8217;utilit\u00e9 corrects des \u00e9l\u00e9ments et des informations contenus dans les pages du portail www.nauticacorcho.com pouvant \u00eatre entrav\u00e9 ou interrompu par des facteurs ou des circonstances ind\u00e9pendants de leur volont\u00e9 ou hors de leur contr\u00f4le. volont\u00e9, ni de ceux qui sont produits par l\u2019existence de virus informatiques sur Internet.<\/p>\n<p style=\"text-align: justify;\">Nautica Corcho S.L. n&#8217;est pas responsable des informations et autres contenus int\u00e9gr\u00e9s dans des espaces ou des pages Web de tiers accessibles depuis le portail www.nauticacorcho.com via des liens, des hyperliens ou des liens, ou des informations et autres contenus int\u00e9gr\u00e9s dans des espaces ou des pages Web de tiers accessible via des liens, des liens hypertextes ou des liens vers le portail www.nauticacorcho.com ou l&#8217;une de ses pages Web, ou les informations et contenus de toute page Web de tiers pr\u00e9sent\u00e9e sous l&#8217;apparence ou les signes distinctifs de Nautica Corcho S.L. sauf autorisation expresse de ce dernier.<\/p>\n<p style=\"text-align: justify;\">Nautica Corcho S.L. n&#8217;assume aucune responsabilit\u00e9 en ce qui concerne les informations, les contenus de toutes sortes, les produits et services offerts ou fournis via www.nauticacorcho.com par des tiers ou des entit\u00e9s.<\/p>\n<h3 style=\"text-align: justify;\">6.- Protection des donn\u00e9es personnelles.<\/h3>\n<p style=\"text-align: justify;\">Toute la politique de traitement des donn\u00e9es personnelles se trouve dans la politique de confidentialit\u00e9, qui fait partie int\u00e9grante des pr\u00e9sentes conditions g\u00e9n\u00e9rales, mais que, par souci de simplicit\u00e9, nous avons ins\u00e9r\u00e9e dans un document distinct: Politique de confidentialit\u00e9.<\/p>\n<p style=\"text-align: justify;\">L&#8217;envoi des formulaires impliquera le consentement expr\u00e8s de la partie concern\u00e9e pour l&#8217;incorporation de leurs donn\u00e9es personnelles dans les fichiers de gestion de Nautica Corcho S.L., aux fins d\u00e9crites dans la politique de confidentialit\u00e9.<\/p>\n<h3 style=\"text-align: justify;\">7.- Notifications.<\/h3>\n<p style=\"text-align: justify;\">Toute notification ou notification par l&#8217;une des parties doit \u00eatre envoy\u00e9e aux adresses \u00e9tablies et fournies par les parties, par toute m\u00e9thode permettant raisonnablement de croire que ces informations sont bien arriv\u00e9es, si possible par courrier \u00e9lectronique.<\/p>\n<p style=\"text-align: justify;\">En notifiant que l&#8217;utilisateur fait r\u00e9f\u00e9rence \u00e0 Nautica Corcho S.L. vous pouvez le faire \u00e0 l&#8217;adresse \u00e9lectronique info@nauticacorcho.com ou \u00e0 l&#8217;adresse postale suivante:<\/p>\n<p style=\"text-align: justify;\">N\u00e1utica Corcho S.L.<br \/>\nAvda. Fuencarral 56 \u00c9tage 1 Bureau 80<br \/>\n28108 Alcobendas (Madrid)<\/p>\n<h3 style=\"text-align: justify;\">8.- Droit g\u00e9n\u00e9ral et applicable.<\/h3>\n<p style=\"text-align: justify;\">Si une clause ou une section des pr\u00e9sentes conditions g\u00e9n\u00e9rales d&#8217;utilisation, qui n&#8217;est pas essentielle \u00e0 son existence, est d\u00e9clar\u00e9e nulle ou inapplicable, la validit\u00e9 des clauses restantes ne sera pas affect\u00e9e.<\/p>\n<p style=\"text-align: justify;\">L&#8217;Utilisateur ne peut c\u00e9der, transf\u00e9rer ou sous-louer \u00e0 aucune personne physique ou morale les droits ou obligations qui lui correspondent en vertu des pr\u00e9sentes Conditions G\u00e9n\u00e9rales d&#8217;Utilisation et Conditions Particuli\u00e8res \u00e9tablies pour certains services.<\/p>\n<p style=\"text-align: justify;\">Les titres des clauses ne sont que des r\u00e9f\u00e9rences, sans \u00eatre consid\u00e9r\u00e9s comme une interpr\u00e9tation ou une explication de leurs contenus respectifs.<\/p>\n<p style=\"text-align: justify;\">Les pr\u00e9sentes conditions g\u00e9n\u00e9rales et particuli\u00e8res pour certains services seront r\u00e9gies et interpr\u00e9t\u00e9es conform\u00e9ment \u00e0 la l\u00e9gislation espagnole.<\/p>\n<p style=\"text-align: justify;\">Les parties tenteront de r\u00e9soudre leurs diff\u00e9rends concernant ces conditions g\u00e9n\u00e9rales et particuli\u00e8res pour certains services de mani\u00e8re amicale. En cas de non-conclusion d&#8217;un accord, en renon\u00e7ant \u00e0 toute autre juridiction qui pourrait correspondre, les parties peuvent faire appel \u00e0 la juridiction espagnole ordinaire, et en particulier aux cours et tribunaux d&#8217;Alicante (Espagne).<\/p>\n<p>[\/vc_column_text][\/vc_column][\/vc_row][vc_row css_animation=&#8221;&#8221; row_type=&#8221;row&#8221; use_row_as_full_screen_section=&#8221;no&#8221; type=&#8221;full_width&#8221; angled_section=&#8221;no&#8221; text_align=&#8221;left&#8221; background_image_as_pattern=&#8221;without_pattern&#8221;][vc_column][vc_separator type=&#8221;transparent&#8221; up=&#8221;10&#8243; down=&#8221;10&#8243;][\/vc_column][\/vc_row]<\/p>\n<\/div>","protected":false},"excerpt":{"rendered":"<p>[vc_row css_animation=&#8221;&#8221; row_type=&#8221;row&#8221; use_row_as_full_screen_section=&#8221;no&#8221; type=&#8221;full_width&#8221; angled_section=&#8221;no&#8221; text_align=&#8221;left&#8221; background_image_as_pattern=&#8221;without_pattern&#8221;][vc_column][vc_separator type=&#8221;transparent&#8221; up=&#8221;10&#8243; down=&#8221;10&#8243;][\/vc_column][\/vc_row][vc_row css_animation=&#8221;&#8221; row_type=&#8221;row&#8221; use_row_as_full_screen_section=&#8221;no&#8221; type=&#8221;grid&#8221; angled_section=&#8221;no&#8221; text_align=&#8221;left&#8221; background_image_as_pattern=&#8221;without_pattern&#8221;][vc_column][vc_column_text] 1.- Identification des donn\u00e9es. Conform\u00e9ment \u00e0 la loi 34\/2002 du 11 juillet, des services de la soci\u00e9t\u00e9 de l\u2019information et du commerce \u00e9lectronique, les donn\u00e9es d\u2019identification du&#8230;<\/p>\n","protected":false},"author":1,"featured_media":0,"parent":0,"menu_order":0,"comment_status":"closed","ping_status":"closed","template":"full_width.php","meta":{"footnotes":""},"class_list":["post-16312","page","type-page","status-publish","hentry"],"aioseo_notices":[],"_links":{"self":[{"href":"https:\/\/www.nauticacorcho.com\/fr\/wp-json\/wp\/v2\/pages\/16312","targetHints":{"allow":["GET"]}}],"collection":[{"href":"https:\/\/www.nauticacorcho.com\/fr\/wp-json\/wp\/v2\/pages"}],"about":[{"href":"https:\/\/www.nauticacorcho.com\/fr\/wp-json\/wp\/v2\/types\/page"}],"author":[{"embeddable":true,"href":"https:\/\/www.nauticacorcho.com\/fr\/wp-json\/wp\/v2\/users\/1"}],"replies":[{"embeddable":true,"href":"https:\/\/www.nauticacorcho.com\/fr\/wp-json\/wp\/v2\/comments?post=16312"}],"version-history":[{"count":1,"href":"https:\/\/www.nauticacorcho.com\/fr\/wp-json\/wp\/v2\/pages\/16312\/revisions"}],"predecessor-version":[{"id":16313,"href":"https:\/\/www.nauticacorcho.com\/fr\/wp-json\/wp\/v2\/pages\/16312\/revisions\/16313"}],"wp:attachment":[{"href":"https:\/\/www.nauticacorcho.com\/fr\/wp-json\/wp\/v2\/media?parent=16312"}],"curies":[{"name":"wp","href":"https:\/\/api.w.org\/{rel}","templated":true}]}}